{"id":10094,"date":"2021-11-02T15:05:44","date_gmt":"2022-04-19T22:18:22","guid":{"rendered":"https:\/\/cheapstyle.co\/shop\/black-box-casquette-x-otto\/"},"modified":"2024-06-05T08:55:42","modified_gmt":"2024-06-05T07:55:42","slug":"black-box-casquette","status":"publish","type":"product","link":"https:\/\/cheapstyle.co\/fr\/boutique\/black-box-casquette\/","title":{"rendered":"&lsquo;Black Box&rsquo; Casquette x Otto"},"content":{"rendered":"<h2>Lavage<\/h2>\n<ul>\n<li style=\"text-align: left;\">Ne pas mettre dans la machine \u00e0 laver<\/li>\n<li style=\"text-align: left;\">Ne pas mettre au s\u00e8che-linge<\/li>\n<li>Ne pas repasser<\/li>\n<\/ul>\n<h2 style=\"text-align: left;\">Composition<\/h2>\n<ul>\n<li style=\"text-align: left;\">100% Coton pr\u00e9-r\u00e9tr\u00e9ci<\/li>\n<\/ul>\n","protected":false},"excerpt":{"rendered":"<h2>Livraison<\/h2>\n<ul>\n<li>Livraison gratuite partout dans le monde<\/li>\n<li>Lien de suivi du colis<\/li>\n<\/ul>\n<h2>Taille &amp; Coupe<\/h2>\n<ul>\n<li>Look abim\u00e9<\/li>\n<li>Taille unique<\/li>\n<li>La taille peut \u00eatre ajust\u00e9e \u00e0 l&rsquo;arri\u00e8re<\/li>\n<\/ul>\n","protected":false},"featured_media":9811,"template":"","meta":{"_acf_changed":false,"rank_math_lock_modified_date":false},"product_cat":[334],"product_tag":[],"class_list":{"0":"post-10094","1":"product","2":"type-product","3":"status-publish","4":"has-post-thumbnail","6":"product_cat-accessoires","8":"first","9":"instock","10":"taxable","11":"shipping-taxable","12":"purchasable","13":"product-type-simple"},"acf":[],"jetpack_sharing_enabled":true,"_links":{"self":[{"href":"https:\/\/cheapstyle.co\/fr\/wp-json\/wp\/v2\/product\/10094","targetHints":{"allow":["GET"]}}],"collection":[{"href":"https:\/\/cheapstyle.co\/fr\/wp-json\/wp\/v2\/product"}],"about":[{"href":"https:\/\/cheapstyle.co\/fr\/wp-json\/wp\/v2\/types\/product"}],"wp:featuredmedia":[{"embeddable":true,"href":"https:\/\/cheapstyle.co\/fr\/wp-json\/wp\/v2\/media\/9811"}],"wp:attachment":[{"href":"https:\/\/cheapstyle.co\/fr\/wp-json\/wp\/v2\/media?parent=10094"}],"wp:term":[{"taxonomy":"product_cat","embeddable":true,"href":"https:\/\/cheapstyle.co\/fr\/wp-json\/wp\/v2\/product_cat?post=10094"},{"taxonomy":"product_tag","embeddable":true,"href":"https:\/\/cheapstyle.co\/fr\/wp-json\/wp\/v2\/product_tag?post=10094"}],"curies":[{"name":"wp","href":"https:\/\/api.w.org\/{rel}","templated":true}]}}